{"id":120,"date":"2021-10-20T13:26:18","date_gmt":"2021-10-20T10:26:18","guid":{"rendered":"https:\/\/bridge3.qodeinteractive.com\/?page_id=120"},"modified":"2021-12-05T11:36:29","modified_gmt":"2021-12-05T09:36:29","slug":"teenused","status":"publish","type":"page","link":"https:\/\/harts.ee\/fi\/teenused\/","title":{"rendered":"Palvelut"},"content":{"rendered":"<div class=\"wpb-content-wrapper\"><p>[vc_row css_animation=&#8221;&#8221; row_type=&#8221;row&#8221; use_row_as_full_screen_section=&#8221;no&#8221; type=&#8221;grid&#8221; angled_section=&#8221;no&#8221; text_align=&#8221;left&#8221; background_image_as_pattern=&#8221;without_pattern&#8221; css=&#8221;.vc_custom_1455889023853{padding-top: 150px !important;}&#8221;][vc_column offset=&#8221;vc_col-lg-4 vc_col-md-4&#8243;][vc_single_image image=&#8221;21292&#8243; img_size=&#8221;full&#8221; qode_css_animation=&#8221;&#8221;][vc_separator type=&#8221;transparent&#8221; thickness=&#8221;0&#8243; up=&#8221;38&#8243; down=&#8221;0&#8243;][vc_column_text]<\/p>\n<h3>Omakotitalo rakennus<\/h3>\n<p>[\/vc_column_text][vc_separator type=&#8221;small&#8221; position=&#8221;left&#8221; width=&#8221;20&#8243; up=&#8221;7&#8243; down=&#8221;30&#8243;][vc_column_text]<span class=\"VIiyi\" lang=\"fi\"><span class=\"JLqJ4b ChMk0b\" data-language-for-alternatives=\"fi\" data-language-to-translate-into=\"et\" data-phrase-index=\"0\" data-number-of-phrases=\"3\">Puutalojen rakentaminen ja elementtitalojen asennus.<\/span> <span class=\"JLqJ4b ChMk0b\" data-language-for-alternatives=\"fi\" data-language-to-translate-into=\"et\" data-phrase-index=\"1\" data-number-of-phrases=\"3\">Puutalo valmistuu nopeasti, korkealaatuisesti ja se on talo, jossa on hyv\u00e4 sis\u00e4ilma.<\/span> <span class=\"JLqJ4b ChMk0b\" data-language-for-alternatives=\"fi\" data-language-to-translate-into=\"et\" data-phrase-index=\"2\" data-number-of-phrases=\"3\">Jos arvostat energiatehokasta ja ekologista ratkaisua, puutalo on sopiva.<\/span><\/span>[\/vc_column_text][vc_separator type=&#8221;transparent&#8221; thickness=&#8221;0&#8243; up=&#8221;50&#8243; down=&#8221;0&#8243;][\/vc_column][vc_column offset=&#8221;vc_col-lg-4 vc_col-md-4&#8243;][vc_single_image image=&#8221;21293&#8243; img_size=&#8221;full&#8221; qode_css_animation=&#8221;&#8221;][vc_separator type=&#8221;transparent&#8221; thickness=&#8221;0&#8243; up=&#8221;38&#8243; down=&#8221;0&#8243;][vc_column_text]<\/p>\n<h3>Saunam\u00f6kin rakennus<\/h3>\n<p>[\/vc_column_text][vc_separator type=&#8221;small&#8221; position=&#8221;left&#8221; width=&#8221;20&#8243; up=&#8221;7&#8243; down=&#8221;30&#8243;][vc_column_text]<span class=\"VIiyi\" lang=\"fi\"><span class=\"JLqJ4b ChMk0b\" data-language-for-alternatives=\"fi\" data-language-to-translate-into=\"et\" data-phrase-index=\"0\" data-number-of-phrases=\"2\">Saunam\u00f6ki rakennus.<\/span> <span class=\"JLqJ4b ChMk0b\" data-language-for-alternatives=\"fi\" data-language-to-translate-into=\"et\" data-phrase-index=\"1\" data-number-of-phrases=\"2\">Saunassa on oltava oikean kokoiset huoneet, oikea l\u00e4mmitin, oikea l\u00e4mp\u00f6tila, riitt\u00e4v\u00e4 kosteus, tehokas ilmanvaihto ja oikeat rakennusmateriaalit.<\/span><\/span>[\/vc_column_text][vc_separator type=&#8221;transparent&#8221; thickness=&#8221;0&#8243; up=&#8221;50&#8243; down=&#8221;0&#8243;][\/vc_column][vc_column offset=&#8221;vc_col-lg-4 vc_col-md-4&#8243;][vc_single_image image=&#8221;21294&#8243; img_size=&#8221;full&#8221; qode_css_animation=&#8221;&#8221;][vc_separator type=&#8221;transparent&#8221; thickness=&#8221;0&#8243; up=&#8221;38&#8243; down=&#8221;0&#8243;][vc_column_text]<\/p>\n<h3>Kattoty\u00f6t- kattoremontti<\/h3>\n<p>[\/vc_column_text][vc_separator type=&#8221;small&#8221; position=&#8221;left&#8221; width=&#8221;20&#8243; up=&#8221;7&#8243; down=&#8221;30&#8243;][vc_column_text]<span class=\"VIiyi\" lang=\"fi\"><span class=\"JLqJ4b ChMk0b\" data-language-for-alternatives=\"fi\" data-language-to-translate-into=\"et\" data-phrase-index=\"0\" data-number-of-phrases=\"3\">Tiilikatto, peltikatto, kattolaatta ja huopakatto rakennus.<\/span> <span class=\"JLqJ4b ChMk0b\" data-language-for-alternatives=\"fi\" data-language-to-translate-into=\"et\" data-phrase-index=\"1\" data-number-of-phrases=\"3\">Kattoty\u00f6t kattopalkkien ja katto-ristikkojen asennus.<\/span> <span class=\"JLqJ4b ChMk0b\" data-language-for-alternatives=\"fi\" data-language-to-translate-into=\"et\" data-phrase-index=\"2\" data-number-of-phrases=\"3\">Paras tuotteen hinta ja laatu taattu.<\/span><\/span>[\/vc_column_text][vc_separator type=&#8221;transparent&#8221; thickness=&#8221;0&#8243; up=&#8221;50&#8243; down=&#8221;0&#8243;][\/vc_column][\/vc_row]<\/p>\n<\/div>","protected":false},"excerpt":{"rendered":"<p>[vc_row css_animation=&#8221;&#8221; row_type=&#8221;row&#8221; use_row_as_full_screen_section=&#8221;no&#8221; type=&#8221;grid&#8221; angled_section=&#8221;no&#8221; text_align=&#8221;left&#8221; background_image_as_pattern=&#8221;without_pattern&#8221; css=&#8221;.vc_custom_1455889023853{padding-top: 150px !important;}&#8221;][vc_column offset=&#8221;vc_col-lg-4 vc_col-md-4&#8243;][vc_single_image image=&#8221;21292&#8243; img_size=&#8221;full&#8221; qode_css_animation=&#8221;&#8221;][vc_separator type=&#8221;transparent&#8221; thickness=&#8221;0&#8243; up=&#8221;38&#8243; down=&#8221;0&#8243;][vc_column_text] Omakotitalo rakennus [\/vc_column_text][vc_separator type=&#8221;small&#8221; position=&#8221;left&#8221; width=&#8221;20&#8243; up=&#8221;7&#8243; down=&#8221;30&#8243;][vc_column_text]Puutalojen rakentaminen ja elementtitalojen asennus. Puutalo valmistuu nopeasti, korkealaatuisesti ja se on talo, jossa on hyv\u00e4 sis\u00e4ilma. Jos&#8230;<\/p>\n","protected":false},"author":1,"featured_media":0,"parent":0,"menu_order":0,"comment_status":"closed","ping_status":"closed","template":"full_width.php","meta":{"footnotes":""},"aioseo_notices":[],"_links":{"self":[{"href":"https:\/\/harts.ee\/fi\/wp-json\/wp\/v2\/pages\/120"}],"collection":[{"href":"https:\/\/harts.ee\/fi\/wp-json\/wp\/v2\/pages"}],"about":[{"href":"https:\/\/harts.ee\/fi\/wp-json\/wp\/v2\/types\/page"}],"author":[{"embeddable":true,"href":"https:\/\/harts.ee\/fi\/wp-json\/wp\/v2\/users\/1"}],"replies":[{"embeddable":true,"href":"https:\/\/harts.ee\/fi\/wp-json\/wp\/v2\/comments?post=120"}],"version-history":[{"count":28,"href":"https:\/\/harts.ee\/fi\/wp-json\/wp\/v2\/pages\/120\/revisions"}],"predecessor-version":[{"id":21497,"href":"https:\/\/harts.ee\/fi\/wp-json\/wp\/v2\/pages\/120\/revisions\/21497"}],"wp:attachment":[{"href":"https:\/\/harts.ee\/fi\/wp-json\/wp\/v2\/media?parent=120"}],"curies":[{"name":"wp","href":"https:\/\/api.w.org\/{rel}","templated":true}]}}